{"id":3,"date":"2026-01-19T11:41:07","date_gmt":"2026-01-19T10:41:07","guid":{"rendered":"https:\/\/neu.planung-digital.de\/?page_id=2"},"modified":"2026-04-16T15:28:57","modified_gmt":"2026-04-16T13:28:57","slug":"home","status":"publish","type":"page","link":"https:\/\/www.planung-digital.de\/","title":{"rendered":"Home"},"content":{"rendered":"\n<div class=\"wp-block-cover alignfull is-light\" style=\"padding-top:var(--wp--preset--spacing--60);padding-bottom:0;min-height:90vh;aspect-ratio:unset;\"><video class=\"wp-block-cover__video-background intrinsic-ignore\" autoplay muted loop playsinline src=\"https:\/\/www.planung-digital.de\/wp-content\/uploads\/planung-digital.mp4\" data-object-fit=\"cover\"><\/video><span aria-hidden=\"true\" class=\"wp-block-cover__background has-background-dim-0 has-background-dim\" style=\"background-color:#FFF\"><\/span><div class=\"wp-block-cover__inner-container is-layout-flow wp-block-cover-is-layout-flow\">\n<div class=\"wp-block-group animated fadeIn startinfo\"><div class=\"wp-block-group__inner-container is-layout-constrained wp-block-group-is-layout-constrained\">\n<p class=\"has-text-align-center animated fadeInUp delay-100ms has-large-font-size\">Digitale Bauplanung Andreas Klingerbeck<\/p>\n\n\n\n<h1 class=\"wp-block-heading has-text-align-center animated fadeInUp delay-200ms\">Kreative Bauplanung trifft digitale Energieberatung<\/h1>\n\n\n\n<p class=\"has-text-align-center weiterlink animated zoomIn delay-500ms\"><a href=\"javascript:scrollto('#start');\" data-type=\"page\" data-id=\"25\">Mehr Informationen<\/a><\/p>\n<\/div><\/div>\n<\/div><\/div>\n\n\n\n<div style=\"height:80px\" aria-hidden=\"true\" id=\"start\" class=\"wp-block-spacer\"><\/div>\n\n\n\n<div class=\"wp-block-columns is-layout-flex wp-container-core-columns-is-layout-9d6595d7 wp-block-columns-is-layout-flex\">\n<div class=\"wp-block-column is-layout-flow wp-block-column-is-layout-flow\" style=\"padding-top:0;padding-bottom:0\">\n<h2 class=\"wp-block-heading has-large-font-size\">Planen. Beraten. Energie sparen.<\/h2>\n\n\n\n<p class=\"weiterlink\"><a href=\"https:\/\/www.planung-digital.de\/index.php\/leistungen\/\" data-type=\"page\" data-id=\"25\">Leistungen<\/a><\/p>\n<\/div>\n\n\n\n<div class=\"wp-block-column is-layout-flow wp-block-column-is-layout-flow\">\n<h2 class=\"wp-block-heading\">Bauplanung &amp; Energieberatung \u2013 digital und ganzheitlich<\/h2>\n\n\n\n<p>Die richtige Planung ist der Schl\u00fcssel f\u00fcr ein<br>erfolgreiches Bauvorhaben.<br>Als B\u00fcro f\u00fcr digitale Bauplanung und Energieberatung unterst\u00fctzen wir Sie dabei, Ihre Bauw\u00fcnsche<br>gestalterisch, funktional, technisch, bauphysikalisch und wirtschaftlich optimal umzusetzen.<\/p>\n\n\n\n<p>Durch die Kombination aus digitaler Planung und fundierter Energieberatung schaffen wir eine solide Grundlage f\u00fcr nachhaltige, effiziente und langlebige Geb\u00e4ude \u2013 im Neubau ebenso wie bei Sanierungen.<\/p>\n\n\n\n<p><em>\u201eWenn ich acht Stunden Zeit h\u00e4tte, um einen Baum zu f\u00e4llen, w\u00fcrde ich sechs Stunden die Axt schleifen.\u201c<\/em><br>Abraham Lincoln<\/p>\n\n\n\n<h2 class=\"wp-block-heading\">Zukunftsorientiert planen \u2013 energieeffizient bauen<\/h2>\n\n\n\n<p>Bei Neubauten und Sanierungsma\u00dfnahmen<br>gewinnen Themen wie gesundes Bauen,<br>Energieeffizienz und Nachhaltigkeit<br>zunehmend an Bedeutung. <\/p>\n<\/div>\n\n\n\n<div class=\"wp-block-column is-layout-flow wp-block-column-is-layout-flow\" style=\"padding-top:var(--wp--preset--spacing--40);padding-bottom:var(--wp--preset--spacing--40)\">\n<p>Wir planen Ihr Bauvorhaben stets nach dem aktuellen Stand der Technik und ber\u00fccksichtigen dabei alle relevanten energetischen Anforderungen und F\u00f6rderm\u00f6glichkeiten.<\/p>\n\n\n\n<p>So entstehen Geb\u00e4ude, die nicht nur heutigen Anforderungen entsprechen, sondern auch langfristig wirtschaftlich, komfortabel und zukunftssicher sind<\/p>\n\n\n\n<h2 class=\"wp-block-heading\">Digitale Planung &amp; Virtual Reality<\/h2>\n\n\n\n<p>Damit Sie Ihr Projekt schon vor Baubeginn<br>realistisch erleben k\u00f6nnen, planen wir Ihr<br>Geb\u00e4ude dreidimensional.<br>Auf Wunsch erm\u00f6glichen wir Ihnen, Ihr<br>zuk\u00fcnftiges Zuhause mit Hilfe von Virtual<br>Reality zu betreten \u2013 noch bevor der erste Stein<br>gesetzt wird.<\/p>\n\n\n\n<p><strong>Diese digitale Planung schafft:<\/strong><\/p>\n\n\n\n<ul class=\"wp-block-list\">\n<li>maximale Planungssicherheit<\/li>\n\n\n\n<li>klare Entscheidungsgrundlagen<\/li>\n\n\n\n<li>ein realistisches Raumgef\u00fchl<\/li>\n\n\n\n<li>fr\u00fchzeitige Optimierung von Gestaltung und Energieeffizienz<\/li>\n<\/ul>\n<\/div>\n<\/div>\n\n\n\n<div class=\"wp-block-group alignfull animated fadeIn is-layout-grid wp-container-core-group-is-layout-0579f832 wp-block-group-is-layout-grid\">\n<figure class=\"wp-block-image size-full\"><img loading=\"lazy\" decoding=\"async\" width=\"500\" height=\"250\" src=\"https:\/\/www.planung-digital.de\/wp-content\/uploads\/2026\/01\/bvgem.png\" alt=\"\" class=\"wp-image-121\" srcset=\"https:\/\/www.planung-digital.de\/wp-content\/uploads\/2026\/01\/bvgem.png 500w, https:\/\/www.planung-digital.de\/wp-content\/uploads\/2026\/01\/bvgem-300x150.png 300w\" sizes=\"auto, (max-width: 500px) 100vw, 500px\" \/><\/figure>\n\n\n\n<figure class=\"wp-block-image size-full\"><img loading=\"lazy\" decoding=\"async\" width=\"500\" height=\"250\" src=\"https:\/\/www.planung-digital.de\/wp-content\/uploads\/2026\/01\/gih1.png\" alt=\"\" class=\"wp-image-122\" srcset=\"https:\/\/www.planung-digital.de\/wp-content\/uploads\/2026\/01\/gih1.png 500w, https:\/\/www.planung-digital.de\/wp-content\/uploads\/2026\/01\/gih1-300x150.png 300w\" sizes=\"auto, (max-width: 500px) 100vw, 500px\" \/><\/figure>\n\n\n\n<figure class=\"wp-block-image size-medium\"><img loading=\"lazy\" decoding=\"async\" width=\"300\" height=\"156\" src=\"https:\/\/www.planung-digital.de\/wp-content\/uploads\/2026\/02\/bundesverband_02_961-300x156.webp\" alt=\"\" class=\"wp-image-241\" srcset=\"https:\/\/www.planung-digital.de\/wp-content\/uploads\/2026\/02\/bundesverband_02_961-300x156.webp 300w, https:\/\/www.planung-digital.de\/wp-content\/uploads\/2026\/02\/bundesverband_02_961-768x399.webp 768w, https:\/\/www.planung-digital.de\/wp-content\/uploads\/2026\/02\/bundesverband_02_961.webp 800w\" sizes=\"auto, (max-width: 300px) 100vw, 300px\" \/><\/figure>\n\n\n\n<figure class=\"wp-block-image size-full\"><img loading=\"lazy\" decoding=\"async\" width=\"500\" height=\"250\" src=\"https:\/\/www.planung-digital.de\/wp-content\/uploads\/2026\/01\/eexp1.png\" alt=\"\" class=\"wp-image-124\" srcset=\"https:\/\/www.planung-digital.de\/wp-content\/uploads\/2026\/01\/eexp1.png 500w, https:\/\/www.planung-digital.de\/wp-content\/uploads\/2026\/01\/eexp1-300x150.png 300w\" sizes=\"auto, (max-width: 500px) 100vw, 500px\" \/><\/figure>\n\n\n\n<figure class=\"wp-block-image size-full\"><img loading=\"lazy\" decoding=\"async\" width=\"800\" height=\"361\" src=\"https:\/\/www.planung-digital.de\/wp-content\/uploads\/2026\/02\/dgnb_mitglied_vereinuz.png\" alt=\"\" class=\"wp-image-243\" srcset=\"https:\/\/www.planung-digital.de\/wp-content\/uploads\/2026\/02\/dgnb_mitglied_vereinuz.png 800w, https:\/\/www.planung-digital.de\/wp-content\/uploads\/2026\/02\/dgnb_mitglied_vereinuz-300x135.png 300w, https:\/\/www.planung-digital.de\/wp-content\/uploads\/2026\/02\/dgnb_mitglied_vereinuz-768x347.png 768w\" sizes=\"auto, (max-width: 800px) 100vw, 800px\" \/><\/figure>\n<\/div>\n\n\n\n<div class=\"wp-block-cover alignfull has-parallax\"><div class=\"wp-block-cover__image-background wp-image-115 size-full has-parallax\" style=\"background-position:50% 50%;background-image:url(https:\/\/www.planung-digital.de\/wp-content\/uploads\/2026\/01\/startseite_haus.jpg)\"><\/div><span aria-hidden=\"true\" class=\"wp-block-cover__background has-background-dim-70 has-background-dim\" style=\"background-color:#003c5c\"><\/span><div class=\"wp-block-cover__inner-container is-layout-constrained wp-block-cover-is-layout-constrained\">\n<h2 class=\"wp-block-heading has-text-align-center animated fadeInUp has-large-font-size\">Neuheit. Technik. Modern. Future. Virtuell.<\/h2>\n\n\n\n<p class=\"has-text-align-center animated fadeInUp delay-100ms\">Als digitales Planungsb\u00fcro k\u00f6nnen wir Ihren Bauprozess dreidimensional abbilden und mit Ihnen eine virtuelle Hausbegehung durchf\u00fchren.<\/p>\n\n\n\n<p class=\"has-text-align-center weiterlink animated zoomIn delay-200ms\"><a href=\"https:\/\/www.planung-digital.de\/index.php\/kontakt\/\" data-type=\"page\" data-id=\"27\">Kontakt aufnehmen<\/a><\/p>\n<\/div><\/div>\n\n\n\n<div style=\"height:50px\" aria-hidden=\"true\" class=\"wp-block-spacer\"><\/div>\n\n\n\n<h2 class=\"wp-block-heading has-text-align-center\">Aktuelles &amp; News<\/h2>\n\n\n<ul class=\"wp-block-latest-posts__list is-grid columns-3 wp-block-latest-posts\"><li><div class=\"wp-block-latest-posts__featured-image\"><img loading=\"lazy\" decoding=\"async\" width=\"702\" height=\"323\" src=\"https:\/\/www.planung-digital.de\/wp-content\/uploads\/2026\/04\/gmg.png\" class=\"attachment-large size-large wp-post-image\" alt=\"\" style=\"\" srcset=\"https:\/\/www.planung-digital.de\/wp-content\/uploads\/2026\/04\/gmg.png 702w, https:\/\/www.planung-digital.de\/wp-content\/uploads\/2026\/04\/gmg-300x138.png 300w\" sizes=\"auto, (max-width: 702px) 100vw, 702px\" \/><\/div><a class=\"wp-block-latest-posts__post-title\" href=\"https:\/\/www.planung-digital.de\/index.php\/gmg-2026\/\">GMG 2026<\/a><div class=\"wp-block-latest-posts__post-excerpt\">Noch kein Referentenentwurf zum &#8222;GModG&#8220; &#8211; Kabinettsbeschluss Ende April?<\/div><\/li>\n<\/ul>\n\n\n<p class=\"has-text-align-center weiterlink\"><a href=\"https:\/\/www.planung-digital.de\/index.php\/aktuelles\/\" data-type=\"page\" data-id=\"213\">Mehr Beitr\u00e4ge<\/a> <a href=\"https:\/\/www.planung-digital.de\/?page_id=27\" data-type=\"page\" data-id=\"27\">Planen Sie mit uns<\/a><\/p>\n\n\n\n<div style=\"height:100px\" aria-hidden=\"true\" class=\"wp-block-spacer\"><\/div>\n","protected":false},"excerpt":{"rendered":"<p>Planen. Beraten. Energie sparen. Leistungen Bauplanung &amp; Energieberatung \u2013 digital und ganzheitlich Die richtige Planung ist der Schl\u00fcssel f\u00fcr einerfolgreiches [&hellip;]<\/p>\n","protected":false},"author":1,"featured_media":377,"parent":0,"menu_order":0,"comment_status":"closed","ping_status":"open","template":"","meta":{"footnotes":""},"class_list":["post-3","page","type-page","status-publish","has-post-thumbnail","hentry"],"yoast_head":"<!-- This site is optimized with the Yoast SEO plugin v27.4 - https:\/\/yoast.com\/product\/yoast-seo-wordpress\/ -->\n<title>Digitale Bauplanung und Energieberatung - Andreas Klingerbeck<\/title>\n<meta name=\"description\" content=\"Entdecken Sie die Vorteile der digitalen Bauplanung und Energieberatung f\u00fcr nachhaltige und energieeffiziente Geb\u00e4ude. Jetzt mehr erfahren!\" \/>\n<meta name=\"robots\" content=\"index, follow, max-snippet:-1, max-image-preview:large, max-video-preview:-1\" \/>\n<link rel=\"canonical\" href=\"https:\/\/www.planung-digital.de\/\" \/>\n<meta property=\"og:locale\" content=\"de_DE\" \/>\n<meta property=\"og:type\" content=\"article\" \/>\n<meta property=\"og:title\" content=\"Digitale Bauplanung und Energieberatung - Andreas Klingerbeck\" \/>\n<meta property=\"og:description\" content=\"Entdecken Sie die Vorteile der digitalen Bauplanung und Energieberatung f\u00fcr nachhaltige und energieeffiziente Geb\u00e4ude. Jetzt mehr erfahren!\" \/>\n<meta property=\"og:url\" content=\"https:\/\/www.planung-digital.de\/\" \/>\n<meta property=\"og:site_name\" content=\"Digitale Bauplanung\" \/>\n<meta property=\"article:publisher\" content=\"https:\/\/www.facebook.com\/Digitales-Planungsbro-Andreas-Klingerbeck-108786514252946\" \/>\n<meta property=\"article:modified_time\" content=\"2026-04-16T13:28:57+00:00\" \/>\n<meta property=\"og:image\" content=\"https:\/\/www.planung-digital.de\/wp-content\/uploads\/2026\/04\/klingerbeck-logo.png\" \/>\n\t<meta property=\"og:image:width\" content=\"900\" \/>\n\t<meta property=\"og:image:height\" content=\"600\" \/>\n\t<meta property=\"og:image:type\" content=\"image\/png\" \/>\n<meta name=\"twitter:card\" content=\"summary_large_image\" \/>\n<meta name=\"twitter:label1\" content=\"Gesch\u00e4tzte Lesezeit\" \/>\n\t<meta name=\"twitter:data1\" content=\"3\u00a0Minuten\" \/>\n<script type=\"application\/ld+json\" class=\"yoast-schema-graph\">{\"@context\":\"https:\\\/\\\/schema.org\",\"@graph\":[{\"@type\":\"WebPage\",\"@id\":\"https:\\\/\\\/www.planung-digital.de\\\/\",\"url\":\"https:\\\/\\\/www.planung-digital.de\\\/\",\"name\":\"Digitale Bauplanung und Energieberatung - Andreas Klingerbeck\",\"isPartOf\":{\"@id\":\"https:\\\/\\\/www.planung-digital.de\\\/#website\"},\"primaryImageOfPage\":{\"@id\":\"https:\\\/\\\/www.planung-digital.de\\\/#primaryimage\"},\"image\":{\"@id\":\"https:\\\/\\\/www.planung-digital.de\\\/#primaryimage\"},\"thumbnailUrl\":\"https:\\\/\\\/www.planung-digital.de\\\/wp-content\\\/uploads\\\/2026\\\/04\\\/klingerbeck-logo.png\",\"datePublished\":\"2026-01-19T10:41:07+00:00\",\"dateModified\":\"2026-04-16T13:28:57+00:00\",\"description\":\"Entdecken Sie die Vorteile der digitalen Bauplanung und Energieberatung f\u00fcr nachhaltige und energieeffiziente Geb\u00e4ude. Jetzt mehr erfahren!\",\"breadcrumb\":{\"@id\":\"https:\\\/\\\/www.planung-digital.de\\\/#breadcrumb\"},\"inLanguage\":\"de\",\"potentialAction\":[{\"@type\":\"ReadAction\",\"target\":[\"https:\\\/\\\/www.planung-digital.de\\\/\"]}]},{\"@type\":\"ImageObject\",\"inLanguage\":\"de\",\"@id\":\"https:\\\/\\\/www.planung-digital.de\\\/#primaryimage\",\"url\":\"https:\\\/\\\/www.planung-digital.de\\\/wp-content\\\/uploads\\\/2026\\\/04\\\/klingerbeck-logo.png\",\"contentUrl\":\"https:\\\/\\\/www.planung-digital.de\\\/wp-content\\\/uploads\\\/2026\\\/04\\\/klingerbeck-logo.png\",\"width\":900,\"height\":600},{\"@type\":\"BreadcrumbList\",\"@id\":\"https:\\\/\\\/www.planung-digital.de\\\/#breadcrumb\",\"itemListElement\":[{\"@type\":\"ListItem\",\"position\":1,\"name\":\"Start\",\"item\":\"https:\\\/\\\/www.planung-digital.de\\\/\"},{\"@type\":\"ListItem\",\"position\":2,\"name\":\"Home\"}]},{\"@type\":\"WebSite\",\"@id\":\"https:\\\/\\\/www.planung-digital.de\\\/#website\",\"url\":\"https:\\\/\\\/www.planung-digital.de\\\/\",\"name\":\"Digitale Bauplanung\",\"description\":\"\",\"publisher\":{\"@id\":\"https:\\\/\\\/www.planung-digital.de\\\/#organization\"},\"potentialAction\":[{\"@type\":\"SearchAction\",\"target\":{\"@type\":\"EntryPoint\",\"urlTemplate\":\"https:\\\/\\\/www.planung-digital.de\\\/?s={search_term_string}\"},\"query-input\":{\"@type\":\"PropertyValueSpecification\",\"valueRequired\":true,\"valueName\":\"search_term_string\"}}],\"inLanguage\":\"de\"},{\"@type\":\"Organization\",\"@id\":\"https:\\\/\\\/www.planung-digital.de\\\/#organization\",\"name\":\"Digitale Bauplanung Andreas Klingerbeck\",\"url\":\"https:\\\/\\\/www.planung-digital.de\\\/\",\"logo\":{\"@type\":\"ImageObject\",\"inLanguage\":\"de\",\"@id\":\"https:\\\/\\\/www.planung-digital.de\\\/#\\\/schema\\\/logo\\\/image\\\/\",\"url\":\"https:\\\/\\\/www.planung-digital.de\\\/wp-content\\\/uploads\\\/2026\\\/04\\\/klingerbeck-logo-rgb-comp-standard.png\",\"contentUrl\":\"https:\\\/\\\/www.planung-digital.de\\\/wp-content\\\/uploads\\\/2026\\\/04\\\/klingerbeck-logo-rgb-comp-standard.png\",\"width\":2000,\"height\":1080,\"caption\":\"Digitale Bauplanung Andreas Klingerbeck\"},\"image\":{\"@id\":\"https:\\\/\\\/www.planung-digital.de\\\/#\\\/schema\\\/logo\\\/image\\\/\"},\"sameAs\":[\"https:\\\/\\\/www.facebook.com\\\/Digitales-Planungsbro-Andreas-Klingerbeck-108786514252946\",\"https:\\\/\\\/www.instagram.com\\\/digitale_bauplanung_ak\\\/?hl=de\"]}]}<\/script>\n<!-- \/ Yoast SEO plugin. -->","yoast_head_json":{"title":"Digitale Bauplanung und Energieberatung - Andreas Klingerbeck","description":"Entdecken Sie die Vorteile der digitalen Bauplanung und Energieberatung f\u00fcr nachhaltige und energieeffiziente Geb\u00e4ude. Jetzt mehr erfahren!","robots":{"index":"index","follow":"follow","max-snippet":"max-snippet:-1","max-image-preview":"max-image-preview:large","max-video-preview":"max-video-preview:-1"},"canonical":"https:\/\/www.planung-digital.de\/","og_locale":"de_DE","og_type":"article","og_title":"Digitale Bauplanung und Energieberatung - Andreas Klingerbeck","og_description":"Entdecken Sie die Vorteile der digitalen Bauplanung und Energieberatung f\u00fcr nachhaltige und energieeffiziente Geb\u00e4ude. Jetzt mehr erfahren!","og_url":"https:\/\/www.planung-digital.de\/","og_site_name":"Digitale Bauplanung","article_publisher":"https:\/\/www.facebook.com\/Digitales-Planungsbro-Andreas-Klingerbeck-108786514252946","article_modified_time":"2026-04-16T13:28:57+00:00","og_image":[{"width":900,"height":600,"url":"https:\/\/www.planung-digital.de\/wp-content\/uploads\/2026\/04\/klingerbeck-logo.png","type":"image\/png"}],"twitter_card":"summary_large_image","twitter_misc":{"Gesch\u00e4tzte Lesezeit":"3\u00a0Minuten"},"schema":{"@context":"https:\/\/schema.org","@graph":[{"@type":"WebPage","@id":"https:\/\/www.planung-digital.de\/","url":"https:\/\/www.planung-digital.de\/","name":"Digitale Bauplanung und Energieberatung - Andreas Klingerbeck","isPartOf":{"@id":"https:\/\/www.planung-digital.de\/#website"},"primaryImageOfPage":{"@id":"https:\/\/www.planung-digital.de\/#primaryimage"},"image":{"@id":"https:\/\/www.planung-digital.de\/#primaryimage"},"thumbnailUrl":"https:\/\/www.planung-digital.de\/wp-content\/uploads\/2026\/04\/klingerbeck-logo.png","datePublished":"2026-01-19T10:41:07+00:00","dateModified":"2026-04-16T13:28:57+00:00","description":"Entdecken Sie die Vorteile der digitalen Bauplanung und Energieberatung f\u00fcr nachhaltige und energieeffiziente Geb\u00e4ude. Jetzt mehr erfahren!","breadcrumb":{"@id":"https:\/\/www.planung-digital.de\/#breadcrumb"},"inLanguage":"de","potentialAction":[{"@type":"ReadAction","target":["https:\/\/www.planung-digital.de\/"]}]},{"@type":"ImageObject","inLanguage":"de","@id":"https:\/\/www.planung-digital.de\/#primaryimage","url":"https:\/\/www.planung-digital.de\/wp-content\/uploads\/2026\/04\/klingerbeck-logo.png","contentUrl":"https:\/\/www.planung-digital.de\/wp-content\/uploads\/2026\/04\/klingerbeck-logo.png","width":900,"height":600},{"@type":"BreadcrumbList","@id":"https:\/\/www.planung-digital.de\/#breadcrumb","itemListElement":[{"@type":"ListItem","position":1,"name":"Start","item":"https:\/\/www.planung-digital.de\/"},{"@type":"ListItem","position":2,"name":"Home"}]},{"@type":"WebSite","@id":"https:\/\/www.planung-digital.de\/#website","url":"https:\/\/www.planung-digital.de\/","name":"Digitale Bauplanung","description":"","publisher":{"@id":"https:\/\/www.planung-digital.de\/#organization"},"potentialAction":[{"@type":"SearchAction","target":{"@type":"EntryPoint","urlTemplate":"https:\/\/www.planung-digital.de\/?s={search_term_string}"},"query-input":{"@type":"PropertyValueSpecification","valueRequired":true,"valueName":"search_term_string"}}],"inLanguage":"de"},{"@type":"Organization","@id":"https:\/\/www.planung-digital.de\/#organization","name":"Digitale Bauplanung Andreas Klingerbeck","url":"https:\/\/www.planung-digital.de\/","logo":{"@type":"ImageObject","inLanguage":"de","@id":"https:\/\/www.planung-digital.de\/#\/schema\/logo\/image\/","url":"https:\/\/www.planung-digital.de\/wp-content\/uploads\/2026\/04\/klingerbeck-logo-rgb-comp-standard.png","contentUrl":"https:\/\/www.planung-digital.de\/wp-content\/uploads\/2026\/04\/klingerbeck-logo-rgb-comp-standard.png","width":2000,"height":1080,"caption":"Digitale Bauplanung Andreas Klingerbeck"},"image":{"@id":"https:\/\/www.planung-digital.de\/#\/schema\/logo\/image\/"},"sameAs":["https:\/\/www.facebook.com\/Digitales-Planungsbro-Andreas-Klingerbeck-108786514252946","https:\/\/www.instagram.com\/digitale_bauplanung_ak\/?hl=de"]}]}},"_links":{"self":[{"href":"https:\/\/www.planung-digital.de\/index.php\/wp-json\/wp\/v2\/pages\/3","targetHints":{"allow":["GET"]}}],"collection":[{"href":"https:\/\/www.planung-digital.de\/index.php\/wp-json\/wp\/v2\/pages"}],"about":[{"href":"https:\/\/www.planung-digital.de\/index.php\/wp-json\/wp\/v2\/types\/page"}],"author":[{"embeddable":true,"href":"https:\/\/www.planung-digital.de\/index.php\/wp-json\/wp\/v2\/users\/1"}],"replies":[{"embeddable":true,"href":"https:\/\/www.planung-digital.de\/index.php\/wp-json\/wp\/v2\/comments?post=3"}],"version-history":[{"count":50,"href":"https:\/\/www.planung-digital.de\/index.php\/wp-json\/wp\/v2\/pages\/3\/revisions"}],"predecessor-version":[{"id":379,"href":"https:\/\/www.planung-digital.de\/index.php\/wp-json\/wp\/v2\/pages\/3\/revisions\/379"}],"wp:featuredmedia":[{"embeddable":true,"href":"https:\/\/www.planung-digital.de\/index.php\/wp-json\/wp\/v2\/media\/377"}],"wp:attachment":[{"href":"https:\/\/www.planung-digital.de\/index.php\/wp-json\/wp\/v2\/media?parent=3"}],"curies":[{"name":"wp","href":"https:\/\/api.w.org\/{rel}","templated":true}]}}