{"id":171,"date":"2026-01-29T11:37:11","date_gmt":"2026-01-29T10:37:11","guid":{"rendered":"https:\/\/neu.planung-digital.de\/?page_id=171"},"modified":"2026-04-16T09:38:43","modified_gmt":"2026-04-16T07:38:43","slug":"impressum","status":"publish","type":"page","link":"https:\/\/www.planung-digital.de\/index.php\/impressum\/","title":{"rendered":"Impressum"},"content":{"rendered":"\n<h1 class=\"wp-block-heading\">Impressum<\/h1>\n\n\n\n<p>Andreas Klingerbeck<br>Digitale Bauplanung Andreas Klingerbeck<br>Rathausstra\u00dfe 17<br>94379 Sankt Englmar<\/p>\n\n\n\n<h3 class=\"wp-block-heading\">Kontakt<\/h3>\n\n\n\n<p>Telefon: +49 (0)9965 &#8211; 8420833<br>E-Mail: <a href=\"mailto:info@planung-digital.de\" class=\"cryptmail\">de;planung-digital;info<\/a><\/p>\n\n\n\n<h3 class=\"wp-block-heading\">Umsatzsteuer-ID<\/h3>\n\n\n\n<p>Umsatzsteuer-Identifikationsnummer gem\u00e4\u00df \u00a7 27 a Umsatzsteuergesetz:<br>DE331616225<\/p>\n\n\n\n<h3 class=\"wp-block-heading\">Angaben zur&nbsp;Haftpflichtversicherung<\/h3>\n\n\n\n<p><strong>Name und Sitz des Versicherers:<\/strong><br>Allianz Versicherungsaktiengesellschaft<br>Merlitzstra\u00dfe 8<br>12489 Berlin<\/p>\n\n\n\n<p><strong>Geltungsraum der Versicherung:<\/strong><br>Deutschland<\/p>\n\n\n\n<h3 class=\"wp-block-heading\">Haftung f\u00fcr Inhalte<\/h3>\n\n\n\n<p>Als Diensteanbieter sind wir gem\u00e4\u00df \u00a7 7 Abs.1 TMG f\u00fcr eigene Inhalte auf diesen Seiten nach den allgemeinen Gesetzen verantwortlich. Nach \u00a7\u00a7 8 bis 10 TMG sind wir als Diensteanbieter jedoch nicht verpflichtet, \u00fcbermittelte oder gespeicherte fremde Informationen zu \u00fcberwachen oder nach Umst\u00e4nden zu forschen, die auf eine rechtswidrige T\u00e4tigkeit hinweisen.<\/p>\n\n\n\n<p>Verpflichtungen zur Entfernung oder Sperrung der Nutzung von Informationen nach den allgemeinen Gesetzen bleiben hiervon unber\u00fchrt. Eine diesbez\u00fcgliche Haftung ist jedoch erst ab dem Zeitpunkt der Kenntnis einer konkreten Rechtsverletzung m\u00f6glich. Bei Bekanntwerden von entsprechenden Rechtsverletzungen werden wir diese Inhalte umgehend entfernen.<\/p>\n\n\n\n<h3 class=\"wp-block-heading\">Haftung f\u00fcr Links<\/h3>\n\n\n\n<p>Unser Angebot enth\u00e4lt Links zu externen Websites Dritter, auf deren Inhalte wir keinen Einfluss haben. Deshalb k\u00f6nnen wir f\u00fcr diese fremden Inhalte auch keine Gew\u00e4hr \u00fcbernehmen. F\u00fcr die Inhalte der verlinkten Seiten ist stets der jeweilige Anbieter oder Betreiber der Seiten verantwortlich. Die verlinkten Seiten wurden zum Zeitpunkt der Verlinkung auf m\u00f6gliche Rechtsverst\u00f6\u00dfe \u00fcberpr\u00fcft. Rechtswidrige Inhalte waren zum Zeitpunkt der Verlinkung nicht erkennbar.<\/p>\n\n\n\n<p>Eine permanente inhaltliche Kontrolle der verlinkten Seiten ist jedoch ohne konkrete Anhaltspunkte einer Rechtsverletzung nicht zumutbar. Bei Bekanntwerden von Rechtsverletzungen werden wir derartige Links umgehend entfernen.<\/p>\n\n\n\n<h3 class=\"wp-block-heading\">Urheberrecht<\/h3>\n\n\n\n<p>Die durch die Seitenbetreiber erstellten Inhalte und Werke auf diesen Seiten unterliegen dem deutschen Urheberrecht. Die Vervielf\u00e4ltigung, Bearbeitung, Verbreitung und jede Art der Verwertung au\u00dferhalb der Grenzen des Urheberrechtes bed\u00fcrfen der schriftlichen Zustimmung des jeweiligen Autors bzw. Erstellers. Downloads und Kopien dieser Seite sind nur f\u00fcr den privaten, nicht kommerziellen Gebrauch gestattet.<\/p>\n\n\n\n<p>Soweit die Inhalte auf dieser Seite nicht vom Betreiber erstellt wurden, werden die Urheberrechte Dritter beachtet. Insbesondere werden Inhalte Dritter als solche gekennzeichnet. Sollten Sie trotzdem auf eine Urheberrechtsverletzung aufmerksam werden, bitten wir um einen entsprechenden Hinweis. Bei Bekanntwerden von Rechtsverletzungen werden wir derartige Inhalte umgehend entfernen.<\/p>\n\n\n\n<h3 class=\"wp-block-heading\">Bildnachweise<\/h3>\n\n\n\n<p>Adobe Stock &#8211;&nbsp;\u00a9 goodluz<br>Adobe Stock &#8211;&nbsp;\u00a9 Philip Steury<br>Adobe Stock &#8211;&nbsp;\u00a9 fizkes<br>Adobe Stock &#8211;&nbsp;\u00a9 bluedesign<br>Adobe Stock &#8211;&nbsp;\u00a9 Karin &amp; Uwe Annas<br>Adobe Stock &#8211;&nbsp;\u00a9 Gorodenkoff<br>Adobe Stock &#8211;&nbsp;\u00a9 STUDIO GRAND WEB<br>Adobe Stock &#8211;&nbsp;\u00a9 Minerva Studio<br>Adobe Stock &#8211;&nbsp;\u00a9 LIGHTFIELD STUDIOS<br>Adobe Stock &#8211;&nbsp;\u00a9 SFIO CRACHO<br>Adobe Stock &#8211;&nbsp;\u00a9 vegefox.com<br>Adobe Stock &#8211;&nbsp;\u00a9 Vizuel (Video, Startseite)<\/p>\n\n\n\n<div style=\"height:50px\" aria-hidden=\"true\" class=\"wp-block-spacer\"><\/div>\n","protected":false},"excerpt":{"rendered":"<p>Impressum Andreas KlingerbeckDigitale Bauplanung Andreas KlingerbeckRathausstra\u00dfe 1794379 Sankt Englmar Kontakt Telefon: +49 (0)9965 &#8211; 8420833E-Mail: de;planung-digital;info Umsatzsteuer-ID Umsatzsteuer-Identifikationsnummer gem\u00e4\u00df \u00a7 [&hellip;]<\/p>\n","protected":false},"author":1,"featured_media":0,"parent":0,"menu_order":80,"comment_status":"closed","ping_status":"closed","template":"","meta":{"footnotes":""},"class_list":["post-171","page","type-page","status-publish","hentry"],"yoast_head":"<!-- This site is optimized with the Yoast SEO plugin v27.4 - https:\/\/yoast.com\/product\/yoast-seo-wordpress\/ -->\n<title>Impressum - Digitale Bauplanung<\/title>\n<meta name=\"robots\" content=\"index, follow, max-snippet:-1, max-image-preview:large, max-video-preview:-1\" \/>\n<link rel=\"canonical\" href=\"https:\/\/www.planung-digital.de\/index.php\/impressum\/\" \/>\n<meta property=\"og:locale\" content=\"de_DE\" \/>\n<meta property=\"og:type\" content=\"article\" \/>\n<meta property=\"og:title\" content=\"Impressum - Digitale Bauplanung\" \/>\n<meta property=\"og:description\" content=\"Impressum Andreas KlingerbeckDigitale Bauplanung Andreas KlingerbeckRathausstra\u00dfe 1794379 Sankt Englmar Kontakt Telefon: +49 (0)9965 &#8211; 8420833E-Mail: de;planung-digital;info Umsatzsteuer-ID Umsatzsteuer-Identifikationsnummer gem\u00e4\u00df \u00a7 [&hellip;]\" \/>\n<meta property=\"og:url\" content=\"https:\/\/www.planung-digital.de\/index.php\/impressum\/\" \/>\n<meta property=\"og:site_name\" content=\"Digitale Bauplanung\" \/>\n<meta property=\"article:publisher\" content=\"https:\/\/www.facebook.com\/Digitales-Planungsbro-Andreas-Klingerbeck-108786514252946\" \/>\n<meta property=\"article:modified_time\" content=\"2026-04-16T07:38:43+00:00\" \/>\n<meta name=\"twitter:card\" content=\"summary_large_image\" \/>\n<meta name=\"twitter:label1\" content=\"Gesch\u00e4tzte Lesezeit\" \/>\n\t<meta name=\"twitter:data1\" content=\"3\u00a0Minuten\" \/>\n<script type=\"application\/ld+json\" class=\"yoast-schema-graph\">{\"@context\":\"https:\\\/\\\/schema.org\",\"@graph\":[{\"@type\":\"WebPage\",\"@id\":\"https:\\\/\\\/www.planung-digital.de\\\/index.php\\\/impressum\\\/\",\"url\":\"https:\\\/\\\/www.planung-digital.de\\\/index.php\\\/impressum\\\/\",\"name\":\"Impressum - Digitale Bauplanung\",\"isPartOf\":{\"@id\":\"https:\\\/\\\/www.planung-digital.de\\\/#website\"},\"datePublished\":\"2026-01-29T10:37:11+00:00\",\"dateModified\":\"2026-04-16T07:38:43+00:00\",\"breadcrumb\":{\"@id\":\"https:\\\/\\\/www.planung-digital.de\\\/index.php\\\/impressum\\\/#breadcrumb\"},\"inLanguage\":\"de\",\"potentialAction\":[{\"@type\":\"ReadAction\",\"target\":[\"https:\\\/\\\/www.planung-digital.de\\\/index.php\\\/impressum\\\/\"]}]},{\"@type\":\"BreadcrumbList\",\"@id\":\"https:\\\/\\\/www.planung-digital.de\\\/index.php\\\/impressum\\\/#breadcrumb\",\"itemListElement\":[{\"@type\":\"ListItem\",\"position\":1,\"name\":\"Start\",\"item\":\"https:\\\/\\\/www.planung-digital.de\\\/\"},{\"@type\":\"ListItem\",\"position\":2,\"name\":\"Impressum\"}]},{\"@type\":\"WebSite\",\"@id\":\"https:\\\/\\\/www.planung-digital.de\\\/#website\",\"url\":\"https:\\\/\\\/www.planung-digital.de\\\/\",\"name\":\"Digitale Bauplanung\",\"description\":\"\",\"publisher\":{\"@id\":\"https:\\\/\\\/www.planung-digital.de\\\/#organization\"},\"potentialAction\":[{\"@type\":\"SearchAction\",\"target\":{\"@type\":\"EntryPoint\",\"urlTemplate\":\"https:\\\/\\\/www.planung-digital.de\\\/?s={search_term_string}\"},\"query-input\":{\"@type\":\"PropertyValueSpecification\",\"valueRequired\":true,\"valueName\":\"search_term_string\"}}],\"inLanguage\":\"de\"},{\"@type\":\"Organization\",\"@id\":\"https:\\\/\\\/www.planung-digital.de\\\/#organization\",\"name\":\"Digitale Bauplanung Andreas Klingerbeck\",\"url\":\"https:\\\/\\\/www.planung-digital.de\\\/\",\"logo\":{\"@type\":\"ImageObject\",\"inLanguage\":\"de\",\"@id\":\"https:\\\/\\\/www.planung-digital.de\\\/#\\\/schema\\\/logo\\\/image\\\/\",\"url\":\"https:\\\/\\\/www.planung-digital.de\\\/wp-content\\\/uploads\\\/2026\\\/04\\\/klingerbeck-logo-rgb-comp-standard.png\",\"contentUrl\":\"https:\\\/\\\/www.planung-digital.de\\\/wp-content\\\/uploads\\\/2026\\\/04\\\/klingerbeck-logo-rgb-comp-standard.png\",\"width\":2000,\"height\":1080,\"caption\":\"Digitale Bauplanung Andreas Klingerbeck\"},\"image\":{\"@id\":\"https:\\\/\\\/www.planung-digital.de\\\/#\\\/schema\\\/logo\\\/image\\\/\"},\"sameAs\":[\"https:\\\/\\\/www.facebook.com\\\/Digitales-Planungsbro-Andreas-Klingerbeck-108786514252946\",\"https:\\\/\\\/www.instagram.com\\\/digitale_bauplanung_ak\\\/?hl=de\"]}]}<\/script>\n<!-- \/ Yoast SEO plugin. -->","yoast_head_json":{"title":"Impressum - Digitale Bauplanung","robots":{"index":"index","follow":"follow","max-snippet":"max-snippet:-1","max-image-preview":"max-image-preview:large","max-video-preview":"max-video-preview:-1"},"canonical":"https:\/\/www.planung-digital.de\/index.php\/impressum\/","og_locale":"de_DE","og_type":"article","og_title":"Impressum - Digitale Bauplanung","og_description":"Impressum Andreas KlingerbeckDigitale Bauplanung Andreas KlingerbeckRathausstra\u00dfe 1794379 Sankt Englmar Kontakt Telefon: +49 (0)9965 &#8211; 8420833E-Mail: de;planung-digital;info Umsatzsteuer-ID Umsatzsteuer-Identifikationsnummer gem\u00e4\u00df \u00a7 [&hellip;]","og_url":"https:\/\/www.planung-digital.de\/index.php\/impressum\/","og_site_name":"Digitale Bauplanung","article_publisher":"https:\/\/www.facebook.com\/Digitales-Planungsbro-Andreas-Klingerbeck-108786514252946","article_modified_time":"2026-04-16T07:38:43+00:00","twitter_card":"summary_large_image","twitter_misc":{"Gesch\u00e4tzte Lesezeit":"3\u00a0Minuten"},"schema":{"@context":"https:\/\/schema.org","@graph":[{"@type":"WebPage","@id":"https:\/\/www.planung-digital.de\/index.php\/impressum\/","url":"https:\/\/www.planung-digital.de\/index.php\/impressum\/","name":"Impressum - Digitale Bauplanung","isPartOf":{"@id":"https:\/\/www.planung-digital.de\/#website"},"datePublished":"2026-01-29T10:37:11+00:00","dateModified":"2026-04-16T07:38:43+00:00","breadcrumb":{"@id":"https:\/\/www.planung-digital.de\/index.php\/impressum\/#breadcrumb"},"inLanguage":"de","potentialAction":[{"@type":"ReadAction","target":["https:\/\/www.planung-digital.de\/index.php\/impressum\/"]}]},{"@type":"BreadcrumbList","@id":"https:\/\/www.planung-digital.de\/index.php\/impressum\/#breadcrumb","itemListElement":[{"@type":"ListItem","position":1,"name":"Start","item":"https:\/\/www.planung-digital.de\/"},{"@type":"ListItem","position":2,"name":"Impressum"}]},{"@type":"WebSite","@id":"https:\/\/www.planung-digital.de\/#website","url":"https:\/\/www.planung-digital.de\/","name":"Digitale Bauplanung","description":"","publisher":{"@id":"https:\/\/www.planung-digital.de\/#organization"},"potentialAction":[{"@type":"SearchAction","target":{"@type":"EntryPoint","urlTemplate":"https:\/\/www.planung-digital.de\/?s={search_term_string}"},"query-input":{"@type":"PropertyValueSpecification","valueRequired":true,"valueName":"search_term_string"}}],"inLanguage":"de"},{"@type":"Organization","@id":"https:\/\/www.planung-digital.de\/#organization","name":"Digitale Bauplanung Andreas Klingerbeck","url":"https:\/\/www.planung-digital.de\/","logo":{"@type":"ImageObject","inLanguage":"de","@id":"https:\/\/www.planung-digital.de\/#\/schema\/logo\/image\/","url":"https:\/\/www.planung-digital.de\/wp-content\/uploads\/2026\/04\/klingerbeck-logo-rgb-comp-standard.png","contentUrl":"https:\/\/www.planung-digital.de\/wp-content\/uploads\/2026\/04\/klingerbeck-logo-rgb-comp-standard.png","width":2000,"height":1080,"caption":"Digitale Bauplanung Andreas Klingerbeck"},"image":{"@id":"https:\/\/www.planung-digital.de\/#\/schema\/logo\/image\/"},"sameAs":["https:\/\/www.facebook.com\/Digitales-Planungsbro-Andreas-Klingerbeck-108786514252946","https:\/\/www.instagram.com\/digitale_bauplanung_ak\/?hl=de"]}]}},"_links":{"self":[{"href":"https:\/\/www.planung-digital.de\/index.php\/wp-json\/wp\/v2\/pages\/171","targetHints":{"allow":["GET"]}}],"collection":[{"href":"https:\/\/www.planung-digital.de\/index.php\/wp-json\/wp\/v2\/pages"}],"about":[{"href":"https:\/\/www.planung-digital.de\/index.php\/wp-json\/wp\/v2\/types\/page"}],"author":[{"embeddable":true,"href":"https:\/\/www.planung-digital.de\/index.php\/wp-json\/wp\/v2\/users\/1"}],"replies":[{"embeddable":true,"href":"https:\/\/www.planung-digital.de\/index.php\/wp-json\/wp\/v2\/comments?post=171"}],"version-history":[{"count":5,"href":"https:\/\/www.planung-digital.de\/index.php\/wp-json\/wp\/v2\/pages\/171\/revisions"}],"predecessor-version":[{"id":366,"href":"https:\/\/www.planung-digital.de\/index.php\/wp-json\/wp\/v2\/pages\/171\/revisions\/366"}],"wp:attachment":[{"href":"https:\/\/www.planung-digital.de\/index.php\/wp-json\/wp\/v2\/media?parent=171"}],"curies":[{"name":"wp","href":"https:\/\/api.w.org\/{rel}","templated":true}]}}